{"id":11,"date":"2026-03-27T14:40:42","date_gmt":"2026-03-27T13:40:42","guid":{"rendered":"https:\/\/wp14.cours-copm2061.helha.be\/?page_id=11"},"modified":"2026-03-27T15:28:02","modified_gmt":"2026-03-27T14:28:02","slug":"menu","status":"publish","type":"page","link":"https:\/\/wp14.cours-copm2061.helha.be\/?page_id=11","title":{"rendered":"Menu"},"content":{"rendered":"\n<h3 class=\"wp-block-heading\"><strong>Nos Croquettes Artisanales<\/strong><\/h3>\n\n\n\n<p>Toutes nos croquettes sont faites maison avec des ingr\u00e9dients frais et des recettes originales.<\/p>\n\n\n\n<ul class=\"wp-block-list\">\n<li>Croquette \u00e0 l\u2019unit\u00e9 : <strong>1,50 \u20ac \u2013 2 \u20ac<\/strong><\/li>\n<\/ul>\n\n\n\n<p><strong>Saveurs disponibles :<\/strong><\/p>\n\n\n\n<p> Fromage fondant<\/p>\n\n\n\n<p> Poulet cr\u00e9meux<\/p>\n\n\n\n<p>Jambon &amp; fromage<\/p>\n\n\n\n<p> Champignons<\/p>\n\n\n\n<p> V\u00e9g\u00e9tarienne (selon saison)<\/p>\n\n\n\n<p> \u00c9pic\u00e9e (pour les amateurs de sensations)<\/p>\n\n\n\n<hr class=\"wp-block-separator has-alpha-channel-opacity\"\/>\n\n\n\n<h3 class=\"wp-block-heading\"><strong>Formules<\/strong><\/h3>\n\n\n\n<p>Parfaites pour un repas rapide et gourmand<\/p>\n\n\n\n<ul class=\"wp-block-list\">\n<li><strong>Formule 4 croquettes<\/strong> + accompagnement ou boisson : <strong>8 \u20ac<\/strong><\/li>\n\n\n\n<li><strong>Formule 6 croquettes<\/strong> + accompagnement ou boisson : <strong>10 \u20ac<\/strong><\/li>\n<\/ul>\n\n\n\n<hr class=\"wp-block-separator has-alpha-channel-opacity\"\/>\n\n\n\n<h3 class=\"wp-block-heading\"> <strong>Accompagnements<\/strong><\/h3>\n\n\n\n<ul class=\"wp-block-list\">\n<li>Petite salade fra\u00eeche : <strong>2 \u20ac<\/strong><\/li>\n\n\n\n<li>Sauces maison (au choix) : <strong>1 \u20ac<\/strong>\n<ul class=\"wp-block-list\">\n<li>Mayonnaise maison<\/li>\n\n\n\n<li>Sauce piquante<\/li>\n\n\n\n<li>Sauce ail<\/li>\n<\/ul>\n<\/li>\n<\/ul>\n\n\n\n<hr class=\"wp-block-separator has-alpha-channel-opacity\"\/>\n\n\n\n<h3 class=\"wp-block-heading\"> <strong>Boissons<\/strong><\/h3>\n\n\n\n<ul class=\"wp-block-list\">\n<li>Eau : <strong>1 \u20ac<\/strong><\/li>\n\n\n\n<li>Jus de fruits : <strong>2 \u20ac<\/strong><\/li>\n\n\n\n<li>Soda : <strong>2 \u20ac \u2013 3 \u20ac<\/strong><\/li>\n<\/ul>\n\n\n\n<hr class=\"wp-block-separator has-alpha-channel-opacity\"\/>\n\n\n\n<h3 class=\"wp-block-heading\"><strong>Extras<\/strong><\/h3>\n\n\n\n<ul class=\"wp-block-list\">\n<li>Croquette suppl\u00e9mentaire : <strong>+1,50 \u20ac \u2013 2 \u20ac<\/strong><\/li>\n\n\n\n<li>Portion tapas surprise : <strong>+2 \u20ac<\/strong><\/li>\n<\/ul>\n\n\n\n<hr class=\"wp-block-separator has-alpha-channel-opacity\"\/>\n\n\n\n<h3 class=\"wp-block-heading\"> <strong>Services &amp; \u00c9v\u00e9nements<\/strong><\/h3>\n\n\n\n<ul class=\"wp-block-list\">\n<li>Privatisation du foodtruck pour vos \u00e9v\u00e9nements<\/li>\n\n\n\n<li>Pr\u00e9sence sur festivals &amp; march\u00e9s locaux<\/li>\n<\/ul>\n\n\n\n<hr class=\"wp-block-separator has-alpha-channel-opacity\"\/>\n\n\n\n<h3 class=\"wp-block-heading\"><strong>Programme Fid\u00e9lit\u00e9<\/strong><\/h3>\n\n\n\n<p>1 croquette OFFERTE toutes les 10 achet\u00e9es !<\/p>\n\n\n\n<hr class=\"wp-block-separator has-alpha-channel-opacity\"\/>\n\n\n\n<h3 class=\"wp-block-heading\"><strong>Pr\u00e9commande en ligne<\/strong><\/h3>\n\n\n\n<p>Commandez \u00e0 l\u2019avance pour \u00e9viter l\u2019attente et profiter plus vite <\/p>\n","protected":false},"excerpt":{"rendered":"<p>Nos Croquettes Artisanales Toutes nos croquettes sont faites maison avec des ingr\u00e9dients frais et des recettes originales. Saveurs disponibles : Fromage fondant Poulet cr\u00e9meux Jambon &amp; fromage Champignons V\u00e9g\u00e9tarienne (selon saison) \u00c9pic\u00e9e (pour les amateurs de sensations) Formules Parfaites pour un repas rapide et gourmand Accompagnements Boissons Extras Services &amp; \u00c9v\u00e9nements Programme Fid\u00e9lit\u00e9 1 croquette [&hellip;]<\/p>\n","protected":false},"author":1,"featured_media":0,"parent":0,"menu_order":0,"comment_status":"closed","ping_status":"closed","template":"","meta":{"footnotes":""},"class_list":["post-11","page","type-page","status-publish","hentry"],"yoast_head":"<!-- This site is optimized with the Yoast SEO plugin v27.2 - https:\/\/yoast.com\/product\/yoast-seo-wordpress\/ -->\n<title>Menu -<\/title>\n<meta name=\"robots\" content=\"index, follow, max-snippet:-1, max-image-preview:large, max-video-preview:-1\" \/>\n<link rel=\"canonical\" href=\"https:\/\/wp14.cours-copm2061.helha.be\/?page_id=11\" \/>\n<meta property=\"og:locale\" content=\"fr_FR\" \/>\n<meta property=\"og:type\" content=\"article\" \/>\n<meta property=\"og:title\" content=\"Menu -\" \/>\n<meta property=\"og:description\" content=\"Nos Croquettes Artisanales Toutes nos croquettes sont faites maison avec des ingr\u00e9dients frais et des recettes originales. Saveurs disponibles : Fromage fondant Poulet cr\u00e9meux Jambon &amp; fromage Champignons V\u00e9g\u00e9tarienne (selon saison) \u00c9pic\u00e9e (pour les amateurs de sensations) Formules Parfaites pour un repas rapide et gourmand Accompagnements Boissons Extras Services &amp; \u00c9v\u00e9nements Programme Fid\u00e9lit\u00e9 1 croquette [&hellip;]\" \/>\n<meta property=\"og:url\" content=\"https:\/\/wp14.cours-copm2061.helha.be\/?page_id=11\" \/>\n<meta property=\"article:modified_time\" content=\"2026-03-27T14:28:02+00:00\" \/>\n<meta name=\"twitter:card\" content=\"summary_large_image\" \/>\n<meta name=\"twitter:label1\" content=\"Dur\u00e9e de lecture estim\u00e9e\" \/>\n\t<meta name=\"twitter:data1\" content=\"1 minute\" \/>\n<script type=\"application\/ld+json\" class=\"yoast-schema-graph\">{\"@context\":\"https:\/\/schema.org\",\"@graph\":[{\"@type\":\"WebPage\",\"@id\":\"https:\/\/wp14.cours-copm2061.helha.be\/?page_id=11\",\"url\":\"https:\/\/wp14.cours-copm2061.helha.be\/?page_id=11\",\"name\":\"Menu -\",\"isPartOf\":{\"@id\":\"https:\/\/wp14.cours-copm2061.helha.be\/#website\"},\"datePublished\":\"2026-03-27T13:40:42+00:00\",\"dateModified\":\"2026-03-27T14:28:02+00:00\",\"breadcrumb\":{\"@id\":\"https:\/\/wp14.cours-copm2061.helha.be\/?page_id=11#breadcrumb\"},\"inLanguage\":\"fr-FR\",\"potentialAction\":[{\"@type\":\"ReadAction\",\"target\":[\"https:\/\/wp14.cours-copm2061.helha.be\/?page_id=11\"]}]},{\"@type\":\"BreadcrumbList\",\"@id\":\"https:\/\/wp14.cours-copm2061.helha.be\/?page_id=11#breadcrumb\",\"itemListElement\":[{\"@type\":\"ListItem\",\"position\":1,\"name\":\"Accueil\",\"item\":\"https:\/\/wp14.cours-copm2061.helha.be\/\"},{\"@type\":\"ListItem\",\"position\":2,\"name\":\"Menu\"}]},{\"@type\":\"WebSite\",\"@id\":\"https:\/\/wp14.cours-copm2061.helha.be\/#website\",\"url\":\"https:\/\/wp14.cours-copm2061.helha.be\/\",\"name\":\"\",\"description\":\"\",\"potentialAction\":[{\"@type\":\"SearchAction\",\"target\":{\"@type\":\"EntryPoint\",\"urlTemplate\":\"https:\/\/wp14.cours-copm2061.helha.be\/?s={search_term_string}\"},\"query-input\":{\"@type\":\"PropertyValueSpecification\",\"valueRequired\":true,\"valueName\":\"search_term_string\"}}],\"inLanguage\":\"fr-FR\"}]}<\/script>\n<!-- \/ Yoast SEO plugin. -->","yoast_head_json":{"title":"Menu -","robots":{"index":"index","follow":"follow","max-snippet":"max-snippet:-1","max-image-preview":"max-image-preview:large","max-video-preview":"max-video-preview:-1"},"canonical":"https:\/\/wp14.cours-copm2061.helha.be\/?page_id=11","og_locale":"fr_FR","og_type":"article","og_title":"Menu -","og_description":"Nos Croquettes Artisanales Toutes nos croquettes sont faites maison avec des ingr\u00e9dients frais et des recettes originales. Saveurs disponibles : Fromage fondant Poulet cr\u00e9meux Jambon &amp; fromage Champignons V\u00e9g\u00e9tarienne (selon saison) \u00c9pic\u00e9e (pour les amateurs de sensations) Formules Parfaites pour un repas rapide et gourmand Accompagnements Boissons Extras Services &amp; \u00c9v\u00e9nements Programme Fid\u00e9lit\u00e9 1 croquette [&hellip;]","og_url":"https:\/\/wp14.cours-copm2061.helha.be\/?page_id=11","article_modified_time":"2026-03-27T14:28:02+00:00","twitter_card":"summary_large_image","twitter_misc":{"Dur\u00e9e de lecture estim\u00e9e":"1 minute"},"schema":{"@context":"https:\/\/schema.org","@graph":[{"@type":"WebPage","@id":"https:\/\/wp14.cours-copm2061.helha.be\/?page_id=11","url":"https:\/\/wp14.cours-copm2061.helha.be\/?page_id=11","name":"Menu -","isPartOf":{"@id":"https:\/\/wp14.cours-copm2061.helha.be\/#website"},"datePublished":"2026-03-27T13:40:42+00:00","dateModified":"2026-03-27T14:28:02+00:00","breadcrumb":{"@id":"https:\/\/wp14.cours-copm2061.helha.be\/?page_id=11#breadcrumb"},"inLanguage":"fr-FR","potentialAction":[{"@type":"ReadAction","target":["https:\/\/wp14.cours-copm2061.helha.be\/?page_id=11"]}]},{"@type":"BreadcrumbList","@id":"https:\/\/wp14.cours-copm2061.helha.be\/?page_id=11#breadcrumb","itemListElement":[{"@type":"ListItem","position":1,"name":"Accueil","item":"https:\/\/wp14.cours-copm2061.helha.be\/"},{"@type":"ListItem","position":2,"name":"Menu"}]},{"@type":"WebSite","@id":"https:\/\/wp14.cours-copm2061.helha.be\/#website","url":"https:\/\/wp14.cours-copm2061.helha.be\/","name":"","description":"","potentialAction":[{"@type":"SearchAction","target":{"@type":"EntryPoint","urlTemplate":"https:\/\/wp14.cours-copm2061.helha.be\/?s={search_term_string}"},"query-input":{"@type":"PropertyValueSpecification","valueRequired":true,"valueName":"search_term_string"}}],"inLanguage":"fr-FR"}]}},"_links":{"self":[{"href":"https:\/\/wp14.cours-copm2061.helha.be\/index.php?rest_route=\/wp\/v2\/pages\/11","targetHints":{"allow":["GET"]}}],"collection":[{"href":"https:\/\/wp14.cours-copm2061.helha.be\/index.php?rest_route=\/wp\/v2\/pages"}],"about":[{"href":"https:\/\/wp14.cours-copm2061.helha.be\/index.php?rest_route=\/wp\/v2\/types\/page"}],"author":[{"embeddable":true,"href":"https:\/\/wp14.cours-copm2061.helha.be\/index.php?rest_route=\/wp\/v2\/users\/1"}],"replies":[{"embeddable":true,"href":"https:\/\/wp14.cours-copm2061.helha.be\/index.php?rest_route=%2Fwp%2Fv2%2Fcomments&post=11"}],"version-history":[{"count":3,"href":"https:\/\/wp14.cours-copm2061.helha.be\/index.php?rest_route=\/wp\/v2\/pages\/11\/revisions"}],"predecessor-version":[{"id":29,"href":"https:\/\/wp14.cours-copm2061.helha.be\/index.php?rest_route=\/wp\/v2\/pages\/11\/revisions\/29"}],"wp:attachment":[{"href":"https:\/\/wp14.cours-copm2061.helha.be\/index.php?rest_route=%2Fwp%2Fv2%2Fmedia&parent=11"}],"curies":[{"name":"wp","href":"https:\/\/api.w.org\/{rel}","templated":true}]}}